{"id":736,"date":"2020-03-18T18:49:48","date_gmt":"2020-03-18T18:49:48","guid":{"rendered":"http:\/\/www.tubomet.com.ar\/new\/?page_id=736"},"modified":"2020-09-28T23:47:28","modified_gmt":"2020-09-28T23:47:28","slug":"inicio","status":"publish","type":"page","link":"http:\/\/www.tubomet.com.ar\/new\/","title":{"rendered":"Inicio"},"content":{"rendered":"\n\n  <div class=\"banner has-hover has-parallax\" id=\"banner-1007527263\">\n          <div class=\"banner-inner fill\">\n        <div class=\"banner-bg fill\" data-parallax=\"-4\" data-parallax-container=\".banner\" data-parallax-background>\n            <div class=\"bg fill bg-fill \"><\/div>\n                                    \n                    <\/div><!-- bg-layers -->\n        <div class=\"banner-layers container\">\n            <div class=\"fill banner-link\"><\/div>            \n\n   <div id=\"text-box-1066553379\" class=\"text-box banner-layer text-box-square x50 md-x100 lg-x100 y50 md-y100 lg-y100 res-text\">\n                     <div data-animate=\"fadeInLeft\">           <div class=\"text \">\n              \n              <div class=\"text-inner text-center\">\n                  \n\n<h4>TUBOS CON Y SIN COSTURAS<br>CHAPAS<br>PERFILER\u00cdA<br>PLANCHUELAS <br>HIERROS<br>METAL DESPLEGADO<br>\u00c1NGULOS<\/h4>\n<a href=\"http:\/\/www.tubomet.com.ar\/new\/shop\/\" target=\"_self\" class=\"button secondary is-small\"  style=\"border-radius:99px;\">\n    <span>solicite cotizaci\u00f3n<\/span>\n  <\/a>\n\n\n\n              <\/div>\n           <\/div><!-- text-box-inner -->\n       <\/div>                     \n<style scope=\"scope\">\n\n#text-box-1066553379 .text {\n  background-color: rgba(255, 255, 255, 0.77);\n  font-size: 100%;\n}\n#text-box-1066553379 .text-inner {\n  padding: 30px 30px 30px 30px;\n}\n#text-box-1066553379 {\n  width: 80%;\n}\n\n\n@media (min-width:550px) {\n\n  #text-box-1066553379 {\n    width: 50%;\n  }\n\n}\n<\/style>\n    <\/div><!-- text-box -->\n \n\n        <\/div><!-- .banner-layers -->\n      <\/div><!-- .banner-inner -->\n\n            \n<style scope=\"scope\">\n\n#banner-1007527263 {\n  padding-top: 540px;\n}\n#banner-1007527263 .bg.bg-loaded {\n  background-image: url(http:\/\/www.tubomet.com.ar\/new\/wp-content\/uploads\/2020\/01\/IMG_1075_1.jpg);\n}\n#banner-1007527263 .bg {\n  background-position: 5% 5%;\n}\n<\/style>\n  <\/div><!-- .banner -->\n\n\n\n  <div class=\"banner has-hover has-parallax\" id=\"banner-1948224577\">\n          <div class=\"banner-inner fill\">\n        <div class=\"banner-bg fill\" data-parallax=\"-3\" data-parallax-container=\".banner\" data-parallax-background>\n            <div class=\"bg fill bg-fill \"><\/div>\n                        <div class=\"overlay\"><\/div>            \n                    <\/div><!-- bg-layers -->\n        <div class=\"banner-layers container\">\n            <div class=\"fill banner-link\"><\/div>            \n\n   <div id=\"text-box-609563677\" class=\"text-box banner-layer x50 md-x5 lg-x5 y50 md-y50 lg-y50 res-text\">\n                                <div class=\"text dark\">\n              \n              <div class=\"text-inner text-left\">\n                  \n\n<p><span style=\"font-size: 120%;\"><strong>SERVICIOS<\/strong><\/span><\/p>\n<p>Realizamos <strong>cortes a medida<\/strong>, <strong>reparto a domicilio<\/strong> y fabricamos <strong>columnas para alumbrados.<\/strong><\/p>\n\n              <\/div>\n           <\/div><!-- text-box-inner -->\n                            \n<style scope=\"scope\">\n\n#text-box-609563677 {\n  width: 82%;\n}\n#text-box-609563677 .text {\n  font-size: 131%;\n}\n\n\n@media (min-width:550px) {\n\n  #text-box-609563677 {\n    width: 42%;\n  }\n\n}\n<\/style>\n    <\/div><!-- text-box -->\n \n\n        <\/div><!-- .banner-layers -->\n      <\/div><!-- .banner-inner -->\n\n            \n<style scope=\"scope\">\n\n#banner-1948224577 {\n  padding-top: 462px;\n}\n#banner-1948224577 .bg.bg-loaded {\n  background-image: url(http:\/\/www.tubomet.com.ar\/new\/wp-content\/uploads\/2020\/01\/IMG_1114.jpg);\n}\n#banner-1948224577 .overlay {\n  background-color: rgba(16, 16, 25, 0.66);\n}\n#banner-1948224577 .bg {\n  background-position: 60% 16%;\n}\n<\/style>\n  <\/div><!-- .banner -->\n\n\n\t<div id=\"gap-1655544826\" class=\"gap-element clearfix\" style=\"display:block; height:auto;\">\n\t\t\n<style scope=\"scope\">\n\n#gap-1655544826 {\n  padding-top: 43px;\n}\n<\/style>\n\t<\/div>\n\t\n\n<div class=\"row row-collapse\"  id=\"row-109798144\">\n\n<div class=\"col medium-4 small-12 large-4\"  ><div class=\"col-inner\"  >\n\n\t<div class=\"box has-hover   has-hover box-text-bottom\" >\n\n\t\t<div class=\"box-image\" style=\"width:96%;\">\n\t\t\t\t\t\t<div class=\"image-cover\" style=\"padding-top:62%;\">\n\t\t\t\t<img width=\"570\" height=\"570\" src=\"http:\/\/www.tubomet.com.ar\/new\/wp-content\/uploads\/2020\/07\/euro-norma.jpg\" class=\"attachment- size-\" alt=\"EURONORMA 10297\" loading=\"lazy\" srcset=\"http:\/\/www.tubomet.com.ar\/new\/wp-content\/uploads\/2020\/07\/euro-norma.jpg 570w, http:\/\/www.tubomet.com.ar\/new\/wp-content\/uploads\/2020\/07\/euro-norma-400x400.jpg 400w, http:\/\/www.tubomet.com.ar\/new\/wp-content\/uploads\/2020\/07\/euro-norma-280x280.jpg 280w, http:\/\/www.tubomet.com.ar\/new\/wp-content\/uploads\/2020\/07\/euro-norma-300x300.jpg 300w, http:\/\/www.tubomet.com.ar\/new\/wp-content\/uploads\/2020\/07\/euro-norma-100x100.jpg 100w\" sizes=\"(max-width: 570px) 100vw, 570px\" \/>\t\t\t\t\t\t\t\t\t\t\t<\/div>\n\t\t\t\t\t<\/div><!-- box-image -->\n\n\t\t<div class=\"box-text text-center\" >\n\t\t\t<div class=\"box-text-inner\">\n\t\t\t\t\n\n<h3 class=\"uppercase\"><strong><b><span lang=\"ES-AR\">EURONORMA 10297<\/span><\/b><\/strong><\/h3>\n<p>Tubos sin costura.<\/p>\n<a class=\"button secondary is-small\"  >\n    <span>Solicitar Cotizaci\u00f3n<\/span>\n  <\/a>\n\n\n\n\t\t\t<\/div><!-- box-text-inner -->\n\t\t<\/div><!-- box-text -->\n\t<\/div><!-- .box  -->\n\t\n\n<\/div><\/div>\n<div class=\"col medium-4 small-12 large-4\"  ><div class=\"col-inner\"  >\n\n\t<div class=\"box has-hover   has-hover box-text-bottom\" >\n\n\t\t<div class=\"box-image\" style=\"width:96%;\">\n\t\t\t\t\t\t<div class=\"image-cover\" style=\"padding-top:62%;\">\n\t\t\t\t<img width=\"869\" height=\"869\" src=\"http:\/\/www.tubomet.com.ar\/new\/wp-content\/uploads\/2020\/03\/chapas-trapezoidales.jpg\" class=\"attachment- size-\" alt=\"chapa trapezoidal\" loading=\"lazy\" srcset=\"http:\/\/www.tubomet.com.ar\/new\/wp-content\/uploads\/2020\/03\/chapas-trapezoidales.jpg 869w, http:\/\/www.tubomet.com.ar\/new\/wp-content\/uploads\/2020\/03\/chapas-trapezoidales-400x400.jpg 400w, http:\/\/www.tubomet.com.ar\/new\/wp-content\/uploads\/2020\/03\/chapas-trapezoidales-800x800.jpg 800w, http:\/\/www.tubomet.com.ar\/new\/wp-content\/uploads\/2020\/03\/chapas-trapezoidales-280x280.jpg 280w, http:\/\/www.tubomet.com.ar\/new\/wp-content\/uploads\/2020\/03\/chapas-trapezoidales-768x768.jpg 768w, http:\/\/www.tubomet.com.ar\/new\/wp-content\/uploads\/2020\/03\/chapas-trapezoidales-300x300.jpg 300w, http:\/\/www.tubomet.com.ar\/new\/wp-content\/uploads\/2020\/03\/chapas-trapezoidales-600x600.jpg 600w, http:\/\/www.tubomet.com.ar\/new\/wp-content\/uploads\/2020\/03\/chapas-trapezoidales-100x100.jpg 100w\" sizes=\"(max-width: 869px) 100vw, 869px\" \/>\t\t\t\t\t\t\t\t\t\t\t<\/div>\n\t\t\t\t\t<\/div><!-- box-image -->\n\n\t\t<div class=\"box-text text-center\" >\n\t\t\t<div class=\"box-text-inner\">\n\t\t\t\t\n\n<h3 class=\"uppercase\"><strong><b><span lang=\"ES-AR\">CHAPA TRAPEZOIDAL<\/span><\/b><\/strong><\/h3>\n<p>Chapas.<\/p>\n<a href=\"http:\/\/www.tubomet.com.ar\/new\/product\/trapezoidal\/\" target=\"_self\" class=\"button secondary is-small\"  >\n    <span>Solicitar Cotizaci\u00f3n<\/span>\n  <\/a>\n\n\n\n\t\t\t<\/div><!-- box-text-inner -->\n\t\t<\/div><!-- box-text -->\n\t<\/div><!-- .box  -->\n\t\n\n<\/div><\/div>\n<div class=\"col medium-4 small-12 large-4\"  ><div class=\"col-inner\"  >\n\n\t<div class=\"box has-hover   has-hover box-text-bottom\" >\n\n\t\t<div class=\"box-image\" style=\"width:96%;\">\n\t\t\t\t\t\t<div class=\"image-cover\" style=\"padding-top:62%;\">\n\t\t\t\t<img width=\"810\" height=\"810\" src=\"http:\/\/www.tubomet.com.ar\/new\/wp-content\/uploads\/2020\/03\/perfil-c.jpg\" class=\"attachment- size-\" alt=\"perfil C\" loading=\"lazy\" srcset=\"http:\/\/www.tubomet.com.ar\/new\/wp-content\/uploads\/2020\/03\/perfil-c.jpg 810w, http:\/\/www.tubomet.com.ar\/new\/wp-content\/uploads\/2020\/03\/perfil-c-400x400.jpg 400w, http:\/\/www.tubomet.com.ar\/new\/wp-content\/uploads\/2020\/03\/perfil-c-800x800.jpg 800w, http:\/\/www.tubomet.com.ar\/new\/wp-content\/uploads\/2020\/03\/perfil-c-280x280.jpg 280w, http:\/\/www.tubomet.com.ar\/new\/wp-content\/uploads\/2020\/03\/perfil-c-768x768.jpg 768w, http:\/\/www.tubomet.com.ar\/new\/wp-content\/uploads\/2020\/03\/perfil-c-300x300.jpg 300w, http:\/\/www.tubomet.com.ar\/new\/wp-content\/uploads\/2020\/03\/perfil-c-600x600.jpg 600w, http:\/\/www.tubomet.com.ar\/new\/wp-content\/uploads\/2020\/03\/perfil-c-100x100.jpg 100w\" sizes=\"(max-width: 810px) 100vw, 810px\" \/>\t\t\t\t\t\t\t\t\t\t\t<\/div>\n\t\t\t\t\t<\/div><!-- box-image -->\n\n\t\t<div class=\"box-text text-center\" >\n\t\t\t<div class=\"box-text-inner\">\n\t\t\t\t\n\n<h3 class=\"uppercase\"><strong><b><span lang=\"ES-AR\">PERFILER\u00cdA<\/span><\/b><\/strong><\/h3>\n<p>Tubos sin costura.<\/p>\n<a href=\"http:\/\/www.tubomet.com.ar\/new\/product-category\/perfileria\/\" target=\"_self\" class=\"button secondary is-small\"  >\n    <span>Solicitar Cotizaci\u00f3n<\/span>\n  <\/a>\n\n\n\n\t\t\t<\/div><!-- box-text-inner -->\n\t\t<\/div><!-- box-text -->\n\t<\/div><!-- .box  -->\n\t\n\n<\/div><\/div>\n\n\n<style scope=\"scope\">\n\n<\/style>\n<\/div>\n<div class=\"row row-collapse\"  id=\"row-50865989\">\n\n<div class=\"col medium-4 small-12 large-4\"  ><div class=\"col-inner\"  >\n\n\t<div class=\"box has-hover   has-hover box-text-bottom\" >\n\n\t\t<div class=\"box-image\" style=\"width:96%;\">\n\t\t\t\t\t\t<div class=\"image-cover\" style=\"padding-top:62%;\">\n\t\t\t\t<img width=\"751\" height=\"751\" src=\"http:\/\/www.tubomet.com.ar\/new\/wp-content\/uploads\/2020\/07\/planchuela-perforada.jpg\" class=\"attachment- size-\" alt=\"planchuela perforada\" loading=\"lazy\" srcset=\"http:\/\/www.tubomet.com.ar\/new\/wp-content\/uploads\/2020\/07\/planchuela-perforada.jpg 751w, http:\/\/www.tubomet.com.ar\/new\/wp-content\/uploads\/2020\/07\/planchuela-perforada-400x400.jpg 400w, http:\/\/www.tubomet.com.ar\/new\/wp-content\/uploads\/2020\/07\/planchuela-perforada-280x280.jpg 280w, http:\/\/www.tubomet.com.ar\/new\/wp-content\/uploads\/2020\/07\/planchuela-perforada-300x300.jpg 300w, http:\/\/www.tubomet.com.ar\/new\/wp-content\/uploads\/2020\/07\/planchuela-perforada-600x600.jpg 600w, http:\/\/www.tubomet.com.ar\/new\/wp-content\/uploads\/2020\/07\/planchuela-perforada-100x100.jpg 100w\" sizes=\"(max-width: 751px) 100vw, 751px\" \/>\t\t\t\t\t\t\t\t\t\t\t<\/div>\n\t\t\t\t\t<\/div><!-- box-image -->\n\n\t\t<div class=\"box-text text-center\" >\n\t\t\t<div class=\"box-text-inner\">\n\t\t\t\t\n\n<h3 class=\"uppercase\"><strong><b><span lang=\"ES-AR\">PLANCHUELA PERFORADA P\/RED 14.3 mm<\/span><\/b><\/strong><\/h3>\n<p>Planchuela perforada redonda.<\/p>\n<a href=\"http:\/\/P\/RED%2014.3%20MM\" target=\"_self\" class=\"button secondary is-small\"  >\n    <span>Solicitar Cotizaci\u00f3n<\/span>\n  <\/a>\n\n\n\n\t\t\t<\/div><!-- box-text-inner -->\n\t\t<\/div><!-- box-text -->\n\t<\/div><!-- .box  -->\n\t\n\n<\/div><\/div>\n<div class=\"col medium-4 small-12 large-4\"  ><div class=\"col-inner\"  >\n\n\t<div class=\"box has-hover   has-hover box-text-bottom\" >\n\n\t\t<div class=\"box-image\" style=\"width:96%;\">\n\t\t\t\t\t\t<div class=\"image-cover\" style=\"padding-top:62%;\">\n\t\t\t\t<img width=\"780\" height=\"1040\" src=\"http:\/\/www.tubomet.com.ar\/new\/wp-content\/uploads\/2020\/03\/hierro-redondo2.jpeg\" class=\"attachment- size-\" alt=\"\" loading=\"lazy\" srcset=\"http:\/\/www.tubomet.com.ar\/new\/wp-content\/uploads\/2020\/03\/hierro-redondo2.jpeg 780w, http:\/\/www.tubomet.com.ar\/new\/wp-content\/uploads\/2020\/03\/hierro-redondo2-300x400.jpeg 300w, http:\/\/www.tubomet.com.ar\/new\/wp-content\/uploads\/2020\/03\/hierro-redondo2-600x800.jpeg 600w, http:\/\/www.tubomet.com.ar\/new\/wp-content\/uploads\/2020\/03\/hierro-redondo2-768x1024.jpeg 768w\" sizes=\"(max-width: 780px) 100vw, 780px\" \/>\t\t\t\t\t\t\t\t\t\t\t<\/div>\n\t\t\t\t\t<\/div><!-- box-image -->\n\n\t\t<div class=\"box-text text-center\" >\n\t\t\t<div class=\"box-text-inner\">\n\t\t\t\t\n\n<h3 class=\"uppercase\"><strong><b><span lang=\"ES-AR\">HIERRO REDONDO<\/span><\/b><\/strong><\/h3>\n<p>Hierros.<\/p>\n<a href=\"http:\/\/www.tubomet.com.ar\/new\/product\/redondo\/\" target=\"_self\" class=\"button secondary is-small\"  >\n    <span>Solicitar Cotizaci\u00f3n<\/span>\n  <\/a>\n\n\n\n\t\t\t<\/div><!-- box-text-inner -->\n\t\t<\/div><!-- box-text -->\n\t<\/div><!-- .box  -->\n\t\n\n<\/div><\/div>\n<div class=\"col medium-4 small-12 large-4\"  ><div class=\"col-inner\"  >\n\n\t<div class=\"box has-hover   has-hover box-text-bottom\" >\n\n\t\t<div class=\"box-image\" style=\"width:96%;\">\n\t\t\t\t\t\t<div class=\"image-cover\" style=\"padding-top:62%;\">\n\t\t\t\t<img width=\"990\" height=\"660\" src=\"http:\/\/www.tubomet.com.ar\/new\/wp-content\/uploads\/2020\/07\/material-desplegados.jpg\" class=\"attachment- size-\" alt=\"Desplegados\" loading=\"lazy\" srcset=\"http:\/\/www.tubomet.com.ar\/new\/wp-content\/uploads\/2020\/07\/material-desplegados.jpg 990w, http:\/\/www.tubomet.com.ar\/new\/wp-content\/uploads\/2020\/07\/material-desplegados-600x400.jpg 600w, http:\/\/www.tubomet.com.ar\/new\/wp-content\/uploads\/2020\/07\/material-desplegados-768x512.jpg 768w\" sizes=\"(max-width: 990px) 100vw, 990px\" \/>\t\t\t\t\t\t\t\t\t\t\t<\/div>\n\t\t\t\t\t<\/div><!-- box-image -->\n\n\t\t<div class=\"box-text text-center\" >\n\t\t\t<div class=\"box-text-inner\">\n\t\t\t\t\n\n<h3 class=\"uppercase\"><strong><b><span lang=\"ES-AR\">metal desplegado<\/span><\/b><\/strong><\/h3>\n<p>Metal desplegado.<\/p>\n<a href=\"http:\/\/www.tubomet.com.ar\/new\/product\/desplegado\/\" target=\"_self\" class=\"button secondary is-small\"  >\n    <span>Solicitar Cotizaci\u00f3n<\/span>\n  <\/a>\n\n\n\n\t\t\t<\/div><!-- box-text-inner -->\n\t\t<\/div><!-- box-text -->\n\t<\/div><!-- .box  -->\n\t\n\n<\/div><\/div>\n\n\n<style scope=\"scope\">\n\n<\/style>\n<\/div>\n\n  <div class=\"banner has-hover has-parallax\" id=\"banner-1778995517\">\n          <div class=\"banner-inner fill\">\n        <div class=\"banner-bg fill\" data-parallax=\"-3\" data-parallax-container=\".banner\" data-parallax-background>\n            <div class=\"bg fill bg-fill \"><\/div>\n                        <div class=\"overlay\"><\/div>            \n                    <\/div><!-- bg-layers -->\n        <div class=\"banner-layers container\">\n            <div class=\"fill banner-link\"><\/div>            \n\n   <div id=\"text-box-1216829304\" class=\"text-box banner-layer x50 md-x50 lg-x50 y50 md-y50 lg-y50 res-text\">\n              <div data-parallax=\"2\" data-parallax-fade=\"true\">                  <div class=\"text dark\">\n              \n              <div class=\"text-inner text-center\">\n                  \n\n<p style=\"text-align: left;\"><img loading=\"lazy\" class=\"wp-image-325 alignleft\" src=\"http:\/\/www.tubomet.com.ar\/new\/wp-content\/uploads\/2019\/12\/logo_strand.png\" alt=\"\" width=\"227\" height=\"67\"><span style=\"font-size: 110%;\">Somos representantes exclusivos para la provincia de C\u00f3rdoba de Strand SA, especialista y l\u00edder en Argentina por m\u00e1s de 50 a\u00f1os en la fabricaci\u00f3n y comercializaci\u00f3n de productos de luminaria de alta calidad.<\/span><\/p>\n<p>&nbsp;<\/p>\n\n              <\/div>\n           <\/div><!-- text-box-inner -->\n              <\/div>              \n<style scope=\"scope\">\n\n#text-box-1216829304 {\n  width: 93%;\n}\n#text-box-1216829304 .text {\n  font-size: 100%;\n}\n\n\n@media (min-width:550px) {\n\n  #text-box-1216829304 {\n    width: 82%;\n  }\n\n}\n<\/style>\n    <\/div><!-- text-box -->\n \n\n        <\/div><!-- .banner-layers -->\n      <\/div><!-- .banner-inner -->\n\n            \n<style scope=\"scope\">\n\n#banner-1778995517 {\n  padding-top: 398px;\n}\n#banner-1778995517 .bg.bg-loaded {\n  background-image: url(http:\/\/www.tubomet.com.ar\/new\/wp-content\/uploads\/2020\/09\/A0CE0044825.jpg);\n}\n#banner-1778995517 .overlay {\n  background-color: rgba(6, 24, 40, 0.9);\n}\n#banner-1778995517 .bg {\n  background-position: 0% 57%;\n}\n<\/style>\n  <\/div><!-- .banner -->\n\n\n","protected":false},"excerpt":{"rendered":"","protected":false},"author":1,"featured_media":0,"parent":0,"menu_order":0,"comment_status":"closed","ping_status":"closed","template":"page-blank.php","meta":[],"yoast_head":"<!-- This site is optimized with the Yoast SEO plugin v15.0 - https:\/\/yoast.com\/wordpress\/plugins\/seo\/ -->\n<title>Tubomet - Productos Sider\u00fargicos - C\u00f3rdoba, Argentina<\/title>\n<meta name=\"description\" content=\"Comercializacion de Productos Sider\u00fargicos. Tubos de acero con y sin costura. Ca\u00f1os estructurales. Perfiles.\" \/>\n<meta name=\"robots\" content=\"index, follow, max-snippet:-1, max-image-preview:large, max-video-preview:-1\" \/>\n<link rel=\"canonical\" href=\"http:\/\/www.tubomet.com.ar\/new\/\" \/>\n<meta property=\"og:locale\" content=\"es_ES\" \/>\n<meta property=\"og:type\" content=\"article\" \/>\n<meta property=\"og:title\" content=\"Tubomet - Productos Sider\u00fargicos - C\u00f3rdoba, Argentina\" \/>\n<meta property=\"og:description\" content=\"Comercializacion de Productos Sider\u00fargicos. Tubos de acero con y sin costura. Ca\u00f1os estructurales. Perfiles.\" \/>\n<meta property=\"og:url\" content=\"http:\/\/www.tubomet.com.ar\/new\/\" \/>\n<meta property=\"og:site_name\" content=\"Tubomet\" \/>\n<meta property=\"article:publisher\" content=\"https:\/\/www.facebook.com\/TUBOMET\/\" \/>\n<meta property=\"article:modified_time\" content=\"2020-09-28T23:47:28+00:00\" \/>\n<meta property=\"og:image\" content=\"http:\/\/www.tubomet.com.ar\/new\/wp-content\/uploads\/2019\/12\/logo_strand.png\" \/>\n<meta name=\"twitter:card\" content=\"summary_large_image\" \/>\n<script type=\"application\/ld+json\" class=\"yoast-schema-graph\">{\"@context\":\"https:\/\/schema.org\",\"@graph\":[{\"@type\":\"Organization\",\"@id\":\"http:\/\/www.tubomet.com.ar\/new\/#organization\",\"name\":\"Tubomet\",\"url\":\"http:\/\/www.tubomet.com.ar\/new\/\",\"sameAs\":[\"https:\/\/www.facebook.com\/TUBOMET\/\",\"https:\/\/www.instagram.com\/tubometsa\/\",\"https:\/\/www.linkedin.com\/in\/augusto-picca-221101197\/\"],\"logo\":{\"@type\":\"ImageObject\",\"@id\":\"http:\/\/www.tubomet.com.ar\/new\/#logo\",\"inLanguage\":\"es\",\"url\":\"http:\/\/www.tubomet.com.ar\/new\/wp-content\/uploads\/2019\/12\/logoTUBOMET.png\",\"width\":1791,\"height\":218,\"caption\":\"Tubomet\"},\"image\":{\"@id\":\"http:\/\/www.tubomet.com.ar\/new\/#logo\"}},{\"@type\":\"WebSite\",\"@id\":\"http:\/\/www.tubomet.com.ar\/new\/#website\",\"url\":\"http:\/\/www.tubomet.com.ar\/new\/\",\"name\":\"Tubomet\",\"description\":\"Productos Sider\\u00fargicos\",\"publisher\":{\"@id\":\"http:\/\/www.tubomet.com.ar\/new\/#organization\"},\"potentialAction\":[{\"@type\":\"SearchAction\",\"target\":\"http:\/\/www.tubomet.com.ar\/new\/?s={search_term_string}\",\"query-input\":\"required name=search_term_string\"}],\"inLanguage\":\"es\"},{\"@type\":\"ImageObject\",\"@id\":\"http:\/\/www.tubomet.com.ar\/new\/#primaryimage\",\"inLanguage\":\"es\",\"url\":\"http:\/\/www.tubomet.com.ar\/new\/wp-content\/uploads\/2019\/12\/logo_strand.png\",\"width\":500,\"height\":138},{\"@type\":\"WebPage\",\"@id\":\"http:\/\/www.tubomet.com.ar\/new\/#webpage\",\"url\":\"http:\/\/www.tubomet.com.ar\/new\/\",\"name\":\"Tubomet - Productos Sider\\u00fargicos - C\\u00f3rdoba, Argentina\",\"isPartOf\":{\"@id\":\"http:\/\/www.tubomet.com.ar\/new\/#website\"},\"primaryImageOfPage\":{\"@id\":\"http:\/\/www.tubomet.com.ar\/new\/#primaryimage\"},\"datePublished\":\"2020-03-18T18:49:48+00:00\",\"dateModified\":\"2020-09-28T23:47:28+00:00\",\"description\":\"Comercializacion de Productos Sider\\u00fargicos. Tubos de acero con y sin costura. Ca\\u00f1os estructurales. Perfiles.\",\"inLanguage\":\"es\",\"potentialAction\":[{\"@type\":\"ReadAction\",\"target\":[\"http:\/\/www.tubomet.com.ar\/new\/\"]}]}]}<\/script>\n<!-- \/ Yoast SEO plugin. -->","_links":{"self":[{"href":"http:\/\/www.tubomet.com.ar\/new\/wp-json\/wp\/v2\/pages\/736"}],"collection":[{"href":"http:\/\/www.tubomet.com.ar\/new\/wp-json\/wp\/v2\/pages"}],"about":[{"href":"http:\/\/www.tubomet.com.ar\/new\/wp-json\/wp\/v2\/types\/page"}],"author":[{"embeddable":true,"href":"http:\/\/www.tubomet.com.ar\/new\/wp-json\/wp\/v2\/users\/1"}],"replies":[{"embeddable":true,"href":"http:\/\/www.tubomet.com.ar\/new\/wp-json\/wp\/v2\/comments?post=736"}],"version-history":[{"count":31,"href":"http:\/\/www.tubomet.com.ar\/new\/wp-json\/wp\/v2\/pages\/736\/revisions"}],"predecessor-version":[{"id":1457,"href":"http:\/\/www.tubomet.com.ar\/new\/wp-json\/wp\/v2\/pages\/736\/revisions\/1457"}],"wp:attachment":[{"href":"http:\/\/www.tubomet.com.ar\/new\/wp-json\/wp\/v2\/media?parent=736"}],"curies":[{"name":"wp","href":"https:\/\/api.w.org\/{rel}","templated":true}]}}